{"id":1004353,"date":"2024-10-07T05:38:12","date_gmt":"2024-10-07T10:38:12","guid":{"rendered":"https:\/\/doctorfrioac.com\/es\/?page_id=1004353"},"modified":"2025-03-12T08:53:49","modified_gmt":"2025-03-12T13:53:49","slug":"recursos","status":"publish","type":"page","link":"https:\/\/doctorfrioac.com\/es\/recursos\/","title":{"rendered":"Recursos gratuitos para el mantenimiento de equipos de HVAC"},"content":{"rendered":"\t\t<div data-elementor-type=\"wp-post\" data-elementor-id=\"1004353\" class=\"elementor elementor-1004353\">\n\t\t\t\t\t\t<section class=\"elementor-section elementor-top-section elementor-element elementor-element-417f678 elementor-section-boxed elementor-section-height-default elementor-section-height-default sc_fly_static\" data-id=\"417f678\" data-element_type=\"section\" data-e-type=\"section\">\n\t\t\t\t\t\t<div class=\"elementor-container elementor-column-gap-no\">\n\t\t\t\t\t<div class=\"elementor-column elementor-col-100 elementor-top-column elementor-element elementor-element-4a26e26 sc_inner_width_none sc_content_align_inherit sc_layouts_column_icons_position_left sc_fly_static\" data-id=\"4a26e26\" data-element_type=\"column\" data-e-type=\"column\">\n\t\t\t<div class=\"elementor-widget-wrap elementor-element-populated\">\n\t\t\t\t\t\t<div class=\"elementor-element elementor-element-c51bff0 sc_fly_static elementor-widget elementor-widget-spacer\" data-id=\"c51bff0\" data-element_type=\"widget\" data-e-type=\"widget\" data-widget_type=\"spacer.default\">\n\t\t\t\t<div class=\"elementor-widget-container\">\n\t\t\t\t\t\t\t<div class=\"elementor-spacer\">\n\t\t\t<div class=\"elementor-spacer-inner\"><\/div>\n\t\t<\/div>\n\t\t\t\t\t\t<\/div>\n\t\t\t\t<\/div>\n\t\t\t\t\t<\/div>\n\t\t<\/div>\n\t\t\t\t\t<\/div>\n\t\t<\/section>\n\t\t\t\t<\/div>\n\t\t","protected":false},"excerpt":{"rendered":"","protected":false},"author":1,"featured_media":1004296,"parent":0,"menu_order":0,"comment_status":"closed","ping_status":"closed","template":"","meta":{"footnotes":""},"class_list":["post-1004353","page","type-page","status-publish","has-post-thumbnail","hentry"],"yoast_head":"<!-- This site is optimized with the Yoast SEO plugin v27.5 - https:\/\/yoast.com\/product\/yoast-seo-wordpress\/ -->\n<title>Recursos para el mantenimiento de HVAC en Odessa, TX<\/title>\n<meta name=\"description\" content=\"Descarga gu\u00edas y recursos gratuitos de Doctor Fr\u00edo A\/C and Heating para el mantenimiento de sistemas HVAC en Odessa, TX.\" \/>\n<meta name=\"robots\" content=\"index, follow, max-snippet:-1, max-image-preview:large, max-video-preview:-1\" \/>\n<link rel=\"canonical\" href=\"https:\/\/doctorfrioac.com\/es\/recursos\/\" \/>\n<meta property=\"og:locale\" content=\"en_US\" \/>\n<meta property=\"og:type\" content=\"article\" \/>\n<meta property=\"og:title\" content=\"Recursos para el mantenimiento de HVAC en Odessa, TX\" \/>\n<meta property=\"og:description\" content=\"Descarga gu\u00edas y recursos gratuitos de Doctor Fr\u00edo A\/C and Heating para el mantenimiento de sistemas HVAC en Odessa, TX.\" \/>\n<meta property=\"og:url\" content=\"https:\/\/doctorfrioac.com\/es\/recursos\/\" \/>\n<meta property=\"og:site_name\" content=\"Doctor Fr\u00edo A\/C and Heating (ES)\" \/>\n<meta property=\"article:modified_time\" content=\"2025-03-12T13:53:49+00:00\" \/>\n<meta property=\"og:image\" content=\"https:\/\/doctorfrioac.com\/es\/wp-content\/uploads\/sites\/3\/2024\/10\/doctor-frio-ac-and-heating-featured.jpg\" \/>\n\t<meta property=\"og:image:width\" content=\"1200\" \/>\n\t<meta property=\"og:image:height\" content=\"675\" \/>\n\t<meta property=\"og:image:type\" content=\"image\/jpeg\" \/>\n<meta name=\"twitter:card\" content=\"summary_large_image\" \/>\n<meta name=\"twitter:label1\" content=\"Est. reading time\" \/>\n\t<meta name=\"twitter:data1\" content=\"1 minute\" \/>\n<script type=\"application\/ld+json\" class=\"yoast-schema-graph\">{\"@context\":\"https:\\\/\\\/schema.org\",\"@graph\":[{\"@type\":\"WebPage\",\"@id\":\"https:\\\/\\\/doctorfrioac.com\\\/es\\\/recursos\\\/\",\"url\":\"https:\\\/\\\/doctorfrioac.com\\\/es\\\/recursos\\\/\",\"name\":\"Recursos para el mantenimiento de HVAC en Odessa, TX\",\"isPartOf\":{\"@id\":\"https:\\\/\\\/doctorfrioac.com\\\/es\\\/#website\"},\"primaryImageOfPage\":{\"@id\":\"https:\\\/\\\/doctorfrioac.com\\\/es\\\/recursos\\\/#primaryimage\"},\"image\":{\"@id\":\"https:\\\/\\\/doctorfrioac.com\\\/es\\\/recursos\\\/#primaryimage\"},\"thumbnailUrl\":\"https:\\\/\\\/doctorfrioac.com\\\/es\\\/wp-content\\\/uploads\\\/sites\\\/3\\\/2024\\\/10\\\/doctor-frio-ac-and-heating-featured.jpg\",\"datePublished\":\"2024-10-07T10:38:12+00:00\",\"dateModified\":\"2025-03-12T13:53:49+00:00\",\"description\":\"Descarga gu\u00edas y recursos gratuitos de Doctor Fr\u00edo A\\\/C and Heating para el mantenimiento de sistemas HVAC en Odessa, TX.\",\"breadcrumb\":{\"@id\":\"https:\\\/\\\/doctorfrioac.com\\\/es\\\/recursos\\\/#breadcrumb\"},\"inLanguage\":\"en-US\",\"potentialAction\":[{\"@type\":\"ReadAction\",\"target\":[\"https:\\\/\\\/doctorfrioac.com\\\/es\\\/recursos\\\/\"]}]},{\"@type\":\"ImageObject\",\"inLanguage\":\"en-US\",\"@id\":\"https:\\\/\\\/doctorfrioac.com\\\/es\\\/recursos\\\/#primaryimage\",\"url\":\"https:\\\/\\\/doctorfrioac.com\\\/es\\\/wp-content\\\/uploads\\\/sites\\\/3\\\/2024\\\/10\\\/doctor-frio-ac-and-heating-featured.jpg\",\"contentUrl\":\"https:\\\/\\\/doctorfrioac.com\\\/es\\\/wp-content\\\/uploads\\\/sites\\\/3\\\/2024\\\/10\\\/doctor-frio-ac-and-heating-featured.jpg\",\"width\":1200,\"height\":675,\"caption\":\"Doctor Fr\u00edo A\\\/C and Heating\"},{\"@type\":\"BreadcrumbList\",\"@id\":\"https:\\\/\\\/doctorfrioac.com\\\/es\\\/recursos\\\/#breadcrumb\",\"itemListElement\":[{\"@type\":\"ListItem\",\"position\":1,\"name\":\"Portada\",\"item\":\"https:\\\/\\\/doctorfrioac.com\\\/es\\\/\"},{\"@type\":\"ListItem\",\"position\":2,\"name\":\"Recursos gratuitos para el mantenimiento de equipos de HVAC\"}]},{\"@type\":\"WebSite\",\"@id\":\"https:\\\/\\\/doctorfrioac.com\\\/es\\\/#website\",\"url\":\"https:\\\/\\\/doctorfrioac.com\\\/es\\\/\",\"name\":\"Doctor Fr\u00edo A\\\/C and Heating\",\"description\":\"Reparaci\u00f3n e instalaci\u00f3n de calefacci\u00f3n y aire acondicionado en West Texas, TX\",\"publisher\":{\"@id\":\"https:\\\/\\\/doctorfrioac.com\\\/es\\\/#organization\"},\"alternateName\":\"Doctor Fr\u00edo A\\\/C and Heating\",\"potentialAction\":[{\"@type\":\"SearchAction\",\"target\":{\"@type\":\"EntryPoint\",\"urlTemplate\":\"https:\\\/\\\/doctorfrioac.com\\\/es\\\/?s={search_term_string}\"},\"query-input\":{\"@type\":\"PropertyValueSpecification\",\"valueRequired\":true,\"valueName\":\"search_term_string\"}}],\"inLanguage\":\"en-US\"},{\"@type\":\"Organization\",\"@id\":\"https:\\\/\\\/doctorfrioac.com\\\/es\\\/#organization\",\"name\":\"Doctor Fr\u00edo A\\\/C and Heating LLC\",\"alternateName\":\"Doctor Fr\u00edo A\\\/C and Heating\",\"url\":\"https:\\\/\\\/doctorfrioac.com\\\/es\\\/\",\"logo\":{\"@type\":\"ImageObject\",\"inLanguage\":\"en-US\",\"@id\":\"https:\\\/\\\/doctorfrioac.com\\\/es\\\/#\\\/schema\\\/logo\\\/image\\\/\",\"url\":\"https:\\\/\\\/doctorfrioac.com\\\/es\\\/wp-content\\\/uploads\\\/sites\\\/3\\\/2024\\\/11\\\/logo-color-est-2020.png\",\"contentUrl\":\"https:\\\/\\\/doctorfrioac.com\\\/es\\\/wp-content\\\/uploads\\\/sites\\\/3\\\/2024\\\/11\\\/logo-color-est-2020.png\",\"width\":3750,\"height\":2915,\"caption\":\"Doctor Fr\u00edo A\\\/C and Heating LLC\"},\"image\":{\"@id\":\"https:\\\/\\\/doctorfrioac.com\\\/es\\\/#\\\/schema\\\/logo\\\/image\\\/\"}}]}<\/script>\n<!-- \/ Yoast SEO plugin. -->","yoast_head_json":{"title":"Recursos para el mantenimiento de HVAC en Odessa, TX","description":"Descarga gu\u00edas y recursos gratuitos de Doctor Fr\u00edo A\/C and Heating para el mantenimiento de sistemas HVAC en Odessa, TX.","robots":{"index":"index","follow":"follow","max-snippet":"max-snippet:-1","max-image-preview":"max-image-preview:large","max-video-preview":"max-video-preview:-1"},"canonical":"https:\/\/doctorfrioac.com\/es\/recursos\/","og_locale":"en_US","og_type":"article","og_title":"Recursos para el mantenimiento de HVAC en Odessa, TX","og_description":"Descarga gu\u00edas y recursos gratuitos de Doctor Fr\u00edo A\/C and Heating para el mantenimiento de sistemas HVAC en Odessa, TX.","og_url":"https:\/\/doctorfrioac.com\/es\/recursos\/","og_site_name":"Doctor Fr\u00edo A\/C and Heating (ES)","article_modified_time":"2025-03-12T13:53:49+00:00","og_image":[{"width":1200,"height":675,"url":"https:\/\/doctorfrioac.com\/es\/wp-content\/uploads\/sites\/3\/2024\/10\/doctor-frio-ac-and-heating-featured.jpg","type":"image\/jpeg"}],"twitter_card":"summary_large_image","twitter_misc":{"Est. reading time":"1 minute"},"schema":{"@context":"https:\/\/schema.org","@graph":[{"@type":"WebPage","@id":"https:\/\/doctorfrioac.com\/es\/recursos\/","url":"https:\/\/doctorfrioac.com\/es\/recursos\/","name":"Recursos para el mantenimiento de HVAC en Odessa, TX","isPartOf":{"@id":"https:\/\/doctorfrioac.com\/es\/#website"},"primaryImageOfPage":{"@id":"https:\/\/doctorfrioac.com\/es\/recursos\/#primaryimage"},"image":{"@id":"https:\/\/doctorfrioac.com\/es\/recursos\/#primaryimage"},"thumbnailUrl":"https:\/\/doctorfrioac.com\/es\/wp-content\/uploads\/sites\/3\/2024\/10\/doctor-frio-ac-and-heating-featured.jpg","datePublished":"2024-10-07T10:38:12+00:00","dateModified":"2025-03-12T13:53:49+00:00","description":"Descarga gu\u00edas y recursos gratuitos de Doctor Fr\u00edo A\/C and Heating para el mantenimiento de sistemas HVAC en Odessa, TX.","breadcrumb":{"@id":"https:\/\/doctorfrioac.com\/es\/recursos\/#breadcrumb"},"inLanguage":"en-US","potentialAction":[{"@type":"ReadAction","target":["https:\/\/doctorfrioac.com\/es\/recursos\/"]}]},{"@type":"ImageObject","inLanguage":"en-US","@id":"https:\/\/doctorfrioac.com\/es\/recursos\/#primaryimage","url":"https:\/\/doctorfrioac.com\/es\/wp-content\/uploads\/sites\/3\/2024\/10\/doctor-frio-ac-and-heating-featured.jpg","contentUrl":"https:\/\/doctorfrioac.com\/es\/wp-content\/uploads\/sites\/3\/2024\/10\/doctor-frio-ac-and-heating-featured.jpg","width":1200,"height":675,"caption":"Doctor Fr\u00edo A\/C and Heating"},{"@type":"BreadcrumbList","@id":"https:\/\/doctorfrioac.com\/es\/recursos\/#breadcrumb","itemListElement":[{"@type":"ListItem","position":1,"name":"Portada","item":"https:\/\/doctorfrioac.com\/es\/"},{"@type":"ListItem","position":2,"name":"Recursos gratuitos para el mantenimiento de equipos de HVAC"}]},{"@type":"WebSite","@id":"https:\/\/doctorfrioac.com\/es\/#website","url":"https:\/\/doctorfrioac.com\/es\/","name":"Doctor Fr\u00edo A\/C and Heating","description":"Reparaci\u00f3n e instalaci\u00f3n de calefacci\u00f3n y aire acondicionado en West Texas, TX","publisher":{"@id":"https:\/\/doctorfrioac.com\/es\/#organization"},"alternateName":"Doctor Fr\u00edo A\/C and Heating","potentialAction":[{"@type":"SearchAction","target":{"@type":"EntryPoint","urlTemplate":"https:\/\/doctorfrioac.com\/es\/?s={search_term_string}"},"query-input":{"@type":"PropertyValueSpecification","valueRequired":true,"valueName":"search_term_string"}}],"inLanguage":"en-US"},{"@type":"Organization","@id":"https:\/\/doctorfrioac.com\/es\/#organization","name":"Doctor Fr\u00edo A\/C and Heating LLC","alternateName":"Doctor Fr\u00edo A\/C and Heating","url":"https:\/\/doctorfrioac.com\/es\/","logo":{"@type":"ImageObject","inLanguage":"en-US","@id":"https:\/\/doctorfrioac.com\/es\/#\/schema\/logo\/image\/","url":"https:\/\/doctorfrioac.com\/es\/wp-content\/uploads\/sites\/3\/2024\/11\/logo-color-est-2020.png","contentUrl":"https:\/\/doctorfrioac.com\/es\/wp-content\/uploads\/sites\/3\/2024\/11\/logo-color-est-2020.png","width":3750,"height":2915,"caption":"Doctor Fr\u00edo A\/C and Heating LLC"},"image":{"@id":"https:\/\/doctorfrioac.com\/es\/#\/schema\/logo\/image\/"}}]}},"_links":{"self":[{"href":"https:\/\/doctorfrioac.com\/es\/wp-json\/wp\/v2\/pages\/1004353","targetHints":{"allow":["GET"]}}],"collection":[{"href":"https:\/\/doctorfrioac.com\/es\/wp-json\/wp\/v2\/pages"}],"about":[{"href":"https:\/\/doctorfrioac.com\/es\/wp-json\/wp\/v2\/types\/page"}],"author":[{"embeddable":true,"href":"https:\/\/doctorfrioac.com\/es\/wp-json\/wp\/v2\/users\/1"}],"replies":[{"embeddable":true,"href":"https:\/\/doctorfrioac.com\/es\/wp-json\/wp\/v2\/comments?post=1004353"}],"version-history":[{"count":12,"href":"https:\/\/doctorfrioac.com\/es\/wp-json\/wp\/v2\/pages\/1004353\/revisions"}],"predecessor-version":[{"id":1004366,"href":"https:\/\/doctorfrioac.com\/es\/wp-json\/wp\/v2\/pages\/1004353\/revisions\/1004366"}],"wp:featuredmedia":[{"embeddable":true,"href":"https:\/\/doctorfrioac.com\/es\/wp-json\/wp\/v2\/media\/1004296"}],"wp:attachment":[{"href":"https:\/\/doctorfrioac.com\/es\/wp-json\/wp\/v2\/media?parent=1004353"}],"curies":[{"name":"wp","href":"https:\/\/api.w.org\/{rel}","templated":true}]}}