{"id":1004373,"date":"2025-02-19T06:24:02","date_gmt":"2025-02-19T12:24:02","guid":{"rendered":"https:\/\/doctorfrioac.com\/es\/?page_id=1004373"},"modified":"2025-04-07T08:27:34","modified_gmt":"2025-04-07T13:27:34","slug":"trabaja-con-nosotros","status":"publish","type":"page","link":"https:\/\/doctorfrioac.com\/es\/trabaja-con-nosotros\/","title":{"rendered":"Trabaja con nosotros: Empresa de HVAC en Odessa, TX"},"content":{"rendered":"\t\t<div data-elementor-type=\"wp-post\" data-elementor-id=\"1004373\" class=\"elementor elementor-1004373\">\n\t\t\t\t\t\t<section class=\"elementor-section elementor-top-section elementor-element elementor-element-417f678 elementor-section-boxed elementor-section-height-default elementor-section-height-default sc_fly_static\" data-id=\"417f678\" data-element_type=\"section\" data-e-type=\"section\">\n\t\t\t\t\t\t<div class=\"elementor-container elementor-column-gap-no\">\n\t\t\t\t\t<div class=\"elementor-column elementor-col-100 elementor-top-column elementor-element elementor-element-4a26e26 sc_inner_width_none sc_content_align_inherit sc_layouts_column_icons_position_left sc_fly_static\" data-id=\"4a26e26\" data-element_type=\"column\" data-e-type=\"column\">\n\t\t\t<div class=\"elementor-widget-wrap elementor-element-populated\">\n\t\t\t\t\t\t<div class=\"elementor-element elementor-element-c51bff0 sc_fly_static elementor-widget elementor-widget-spacer\" data-id=\"c51bff0\" data-element_type=\"widget\" data-e-type=\"widget\" data-widget_type=\"spacer.default\">\n\t\t\t\t<div class=\"elementor-widget-container\">\n\t\t\t\t\t\t\t<div class=\"elementor-spacer\">\n\t\t\t<div class=\"elementor-spacer-inner\"><\/div>\n\t\t<\/div>\n\t\t\t\t\t\t<\/div>\n\t\t\t\t<\/div>\n\t\t\t\t<div class=\"elementor-element elementor-element-4ebfe83 sc_fly_static elementor-widget elementor-widget-trx_sc_title\" data-id=\"4ebfe83\" data-element_type=\"widget\" data-e-type=\"widget\" data-widget_type=\"trx_sc_title.default\">\n\t\t\t\t<div class=\"elementor-widget-container\">\n\t\t\t\t\t<div\t\tclass=\"sc_title sc_title_default\"><span class=\"sc_item_subtitle sc_title_subtitle sc_align_center sc_item_subtitle_above sc_item_title_style_default\">Env\u00eda tu CV a trav\u00e9s del siguiente formulario<\/span><h2 class=\"sc_item_title sc_title_title sc_align_center sc_item_title_style_default sc_item_title_tag\"\n\t\t\t><span class=\"sc_item_title_text\">\u00a1Puedes ser parte de nuestro equipo!<\/span><\/h2><div class=\"sc_item_descr sc_title_descr sc_align_center\"><p>Una vez enviado, nos podr\u00edamos comunicar contigo en caso de requerir un perfil como el tuyo<\/p>\n<\/div><\/div>\t\t\t\t<\/div>\n\t\t\t\t<\/div>\n\t\t\t\t<div class=\"elementor-element elementor-element-eb14ce4 sc_fly_static elementor-widget elementor-widget-spacer\" data-id=\"eb14ce4\" data-element_type=\"widget\" data-e-type=\"widget\" data-widget_type=\"spacer.default\">\n\t\t\t\t<div class=\"elementor-widget-container\">\n\t\t\t\t\t\t\t<div class=\"elementor-spacer\">\n\t\t\t<div class=\"elementor-spacer-inner\"><\/div>\n\t\t<\/div>\n\t\t\t\t\t\t<\/div>\n\t\t\t\t<\/div>\n\t\t\t\t<div class=\"elementor-element elementor-element-86a6d07 sc_fly_static elementor-widget elementor-widget-html\" data-id=\"86a6d07\" data-element_type=\"widget\" data-e-type=\"widget\" data-widget_type=\"html.default\">\n\t\t\t\t<div class=\"elementor-widget-container\">\n\t\t\t\t\t[contact-form-7 id=\"34d390c\" title=\"CV\"]\t\t\t\t<\/div>\n\t\t\t\t<\/div>\n\t\t\t\t<div class=\"elementor-element elementor-element-106ff7a sc_fly_static elementor-widget elementor-widget-spacer\" data-id=\"106ff7a\" data-element_type=\"widget\" data-e-type=\"widget\" data-widget_type=\"spacer.default\">\n\t\t\t\t<div class=\"elementor-widget-container\">\n\t\t\t\t\t\t\t<div class=\"elementor-spacer\">\n\t\t\t<div class=\"elementor-spacer-inner\"><\/div>\n\t\t<\/div>\n\t\t\t\t\t\t<\/div>\n\t\t\t\t<\/div>\n\t\t\t\t\t<\/div>\n\t\t<\/div>\n\t\t\t\t\t<\/div>\n\t\t<\/section>\n\t\t\t\t<\/div>\n\t\t","protected":false},"excerpt":{"rendered":"<p>Env\u00eda tu CV a trav\u00e9s del siguiente formulario \u00a1Puedes ser parte de nuestro equipo! Una vez enviado, nos podr\u00edamos comunicar contigo en caso de requerir un perfil como el tuyo&hellip;<\/p>\n","protected":false},"author":1,"featured_media":1004296,"parent":0,"menu_order":0,"comment_status":"closed","ping_status":"closed","template":"","meta":{"footnotes":""},"class_list":["post-1004373","page","type-page","status-publish","has-post-thumbnail","hentry"],"yoast_head":"<!-- This site is optimized with the Yoast SEO plugin v27.5 - https:\/\/yoast.com\/product\/yoast-seo-wordpress\/ -->\n<title>Empresa de AC en Odessa, TX: \u00a1Trabaja con nosotros!<\/title>\n<meta name=\"description\" content=\"\u00a1Trabaja con nosotros! Te damos la bienvenida a Doctor Fr\u00edo A\/C and Heating, expertos en HVAC en Odessa, TX. \u00a1Env\u00eda tu CV!\" \/>\n<meta name=\"robots\" content=\"index, follow, max-snippet:-1, max-image-preview:large, max-video-preview:-1\" \/>\n<link rel=\"canonical\" href=\"https:\/\/doctorfrioac.com\/es\/trabaja-con-nosotros\/\" \/>\n<meta property=\"og:locale\" content=\"en_US\" \/>\n<meta property=\"og:type\" content=\"article\" \/>\n<meta property=\"og:title\" content=\"Empresa de AC en Odessa, TX: \u00a1Trabaja con nosotros!\" \/>\n<meta property=\"og:description\" content=\"\u00a1Trabaja con nosotros! Te damos la bienvenida a Doctor Fr\u00edo A\/C and Heating, expertos en HVAC en Odessa, TX. \u00a1Env\u00eda tu CV!\" \/>\n<meta property=\"og:url\" content=\"https:\/\/doctorfrioac.com\/es\/trabaja-con-nosotros\/\" \/>\n<meta property=\"og:site_name\" content=\"Doctor Fr\u00edo A\/C and Heating (ES)\" \/>\n<meta property=\"article:modified_time\" content=\"2025-04-07T13:27:34+00:00\" \/>\n<meta property=\"og:image\" content=\"https:\/\/doctorfrioac.com\/es\/wp-content\/uploads\/sites\/3\/2024\/10\/doctor-frio-ac-and-heating-featured.jpg\" \/>\n\t<meta property=\"og:image:width\" content=\"1200\" \/>\n\t<meta property=\"og:image:height\" content=\"675\" \/>\n\t<meta property=\"og:image:type\" content=\"image\/jpeg\" \/>\n<meta name=\"twitter:card\" content=\"summary_large_image\" \/>\n<meta name=\"twitter:label1\" content=\"Est. reading time\" \/>\n\t<meta name=\"twitter:data1\" content=\"1 minute\" \/>\n<script type=\"application\/ld+json\" class=\"yoast-schema-graph\">{\"@context\":\"https:\\\/\\\/schema.org\",\"@graph\":[{\"@type\":\"WebPage\",\"@id\":\"https:\\\/\\\/doctorfrioac.com\\\/es\\\/trabaja-con-nosotros\\\/\",\"url\":\"https:\\\/\\\/doctorfrioac.com\\\/es\\\/trabaja-con-nosotros\\\/\",\"name\":\"Empresa de AC en Odessa, TX: \u00a1Trabaja con nosotros!\",\"isPartOf\":{\"@id\":\"https:\\\/\\\/doctorfrioac.com\\\/es\\\/#website\"},\"primaryImageOfPage\":{\"@id\":\"https:\\\/\\\/doctorfrioac.com\\\/es\\\/trabaja-con-nosotros\\\/#primaryimage\"},\"image\":{\"@id\":\"https:\\\/\\\/doctorfrioac.com\\\/es\\\/trabaja-con-nosotros\\\/#primaryimage\"},\"thumbnailUrl\":\"https:\\\/\\\/doctorfrioac.com\\\/es\\\/wp-content\\\/uploads\\\/sites\\\/3\\\/2024\\\/10\\\/doctor-frio-ac-and-heating-featured.jpg\",\"datePublished\":\"2025-02-19T12:24:02+00:00\",\"dateModified\":\"2025-04-07T13:27:34+00:00\",\"description\":\"\u00a1Trabaja con nosotros! Te damos la bienvenida a Doctor Fr\u00edo A\\\/C and Heating, expertos en HVAC en Odessa, TX. \u00a1Env\u00eda tu CV!\",\"breadcrumb\":{\"@id\":\"https:\\\/\\\/doctorfrioac.com\\\/es\\\/trabaja-con-nosotros\\\/#breadcrumb\"},\"inLanguage\":\"en-US\",\"potentialAction\":[{\"@type\":\"ReadAction\",\"target\":[\"https:\\\/\\\/doctorfrioac.com\\\/es\\\/trabaja-con-nosotros\\\/\"]}]},{\"@type\":\"ImageObject\",\"inLanguage\":\"en-US\",\"@id\":\"https:\\\/\\\/doctorfrioac.com\\\/es\\\/trabaja-con-nosotros\\\/#primaryimage\",\"url\":\"https:\\\/\\\/doctorfrioac.com\\\/es\\\/wp-content\\\/uploads\\\/sites\\\/3\\\/2024\\\/10\\\/doctor-frio-ac-and-heating-featured.jpg\",\"contentUrl\":\"https:\\\/\\\/doctorfrioac.com\\\/es\\\/wp-content\\\/uploads\\\/sites\\\/3\\\/2024\\\/10\\\/doctor-frio-ac-and-heating-featured.jpg\",\"width\":1200,\"height\":675,\"caption\":\"Doctor Fr\u00edo A\\\/C and Heating\"},{\"@type\":\"BreadcrumbList\",\"@id\":\"https:\\\/\\\/doctorfrioac.com\\\/es\\\/trabaja-con-nosotros\\\/#breadcrumb\",\"itemListElement\":[{\"@type\":\"ListItem\",\"position\":1,\"name\":\"Portada\",\"item\":\"https:\\\/\\\/doctorfrioac.com\\\/es\\\/\"},{\"@type\":\"ListItem\",\"position\":2,\"name\":\"Trabaja con nosotros: Empresa de HVAC en Odessa, TX\"}]},{\"@type\":\"WebSite\",\"@id\":\"https:\\\/\\\/doctorfrioac.com\\\/es\\\/#website\",\"url\":\"https:\\\/\\\/doctorfrioac.com\\\/es\\\/\",\"name\":\"Doctor Fr\u00edo A\\\/C and Heating\",\"description\":\"Reparaci\u00f3n e instalaci\u00f3n de calefacci\u00f3n y aire acondicionado en West Texas, TX\",\"publisher\":{\"@id\":\"https:\\\/\\\/doctorfrioac.com\\\/es\\\/#organization\"},\"alternateName\":\"Doctor Fr\u00edo A\\\/C and Heating\",\"potentialAction\":[{\"@type\":\"SearchAction\",\"target\":{\"@type\":\"EntryPoint\",\"urlTemplate\":\"https:\\\/\\\/doctorfrioac.com\\\/es\\\/?s={search_term_string}\"},\"query-input\":{\"@type\":\"PropertyValueSpecification\",\"valueRequired\":true,\"valueName\":\"search_term_string\"}}],\"inLanguage\":\"en-US\"},{\"@type\":\"Organization\",\"@id\":\"https:\\\/\\\/doctorfrioac.com\\\/es\\\/#organization\",\"name\":\"Doctor Fr\u00edo A\\\/C and Heating LLC\",\"alternateName\":\"Doctor Fr\u00edo A\\\/C and Heating\",\"url\":\"https:\\\/\\\/doctorfrioac.com\\\/es\\\/\",\"logo\":{\"@type\":\"ImageObject\",\"inLanguage\":\"en-US\",\"@id\":\"https:\\\/\\\/doctorfrioac.com\\\/es\\\/#\\\/schema\\\/logo\\\/image\\\/\",\"url\":\"https:\\\/\\\/doctorfrioac.com\\\/es\\\/wp-content\\\/uploads\\\/sites\\\/3\\\/2024\\\/11\\\/logo-color-est-2020.png\",\"contentUrl\":\"https:\\\/\\\/doctorfrioac.com\\\/es\\\/wp-content\\\/uploads\\\/sites\\\/3\\\/2024\\\/11\\\/logo-color-est-2020.png\",\"width\":3750,\"height\":2915,\"caption\":\"Doctor Fr\u00edo A\\\/C and Heating LLC\"},\"image\":{\"@id\":\"https:\\\/\\\/doctorfrioac.com\\\/es\\\/#\\\/schema\\\/logo\\\/image\\\/\"}}]}<\/script>\n<!-- \/ Yoast SEO plugin. -->","yoast_head_json":{"title":"Empresa de AC en Odessa, TX: \u00a1Trabaja con nosotros!","description":"\u00a1Trabaja con nosotros! Te damos la bienvenida a Doctor Fr\u00edo A\/C and Heating, expertos en HVAC en Odessa, TX. \u00a1Env\u00eda tu CV!","robots":{"index":"index","follow":"follow","max-snippet":"max-snippet:-1","max-image-preview":"max-image-preview:large","max-video-preview":"max-video-preview:-1"},"canonical":"https:\/\/doctorfrioac.com\/es\/trabaja-con-nosotros\/","og_locale":"en_US","og_type":"article","og_title":"Empresa de AC en Odessa, TX: \u00a1Trabaja con nosotros!","og_description":"\u00a1Trabaja con nosotros! Te damos la bienvenida a Doctor Fr\u00edo A\/C and Heating, expertos en HVAC en Odessa, TX. \u00a1Env\u00eda tu CV!","og_url":"https:\/\/doctorfrioac.com\/es\/trabaja-con-nosotros\/","og_site_name":"Doctor Fr\u00edo A\/C and Heating (ES)","article_modified_time":"2025-04-07T13:27:34+00:00","og_image":[{"width":1200,"height":675,"url":"https:\/\/doctorfrioac.com\/es\/wp-content\/uploads\/sites\/3\/2024\/10\/doctor-frio-ac-and-heating-featured.jpg","type":"image\/jpeg"}],"twitter_card":"summary_large_image","twitter_misc":{"Est. reading time":"1 minute"},"schema":{"@context":"https:\/\/schema.org","@graph":[{"@type":"WebPage","@id":"https:\/\/doctorfrioac.com\/es\/trabaja-con-nosotros\/","url":"https:\/\/doctorfrioac.com\/es\/trabaja-con-nosotros\/","name":"Empresa de AC en Odessa, TX: \u00a1Trabaja con nosotros!","isPartOf":{"@id":"https:\/\/doctorfrioac.com\/es\/#website"},"primaryImageOfPage":{"@id":"https:\/\/doctorfrioac.com\/es\/trabaja-con-nosotros\/#primaryimage"},"image":{"@id":"https:\/\/doctorfrioac.com\/es\/trabaja-con-nosotros\/#primaryimage"},"thumbnailUrl":"https:\/\/doctorfrioac.com\/es\/wp-content\/uploads\/sites\/3\/2024\/10\/doctor-frio-ac-and-heating-featured.jpg","datePublished":"2025-02-19T12:24:02+00:00","dateModified":"2025-04-07T13:27:34+00:00","description":"\u00a1Trabaja con nosotros! Te damos la bienvenida a Doctor Fr\u00edo A\/C and Heating, expertos en HVAC en Odessa, TX. \u00a1Env\u00eda tu CV!","breadcrumb":{"@id":"https:\/\/doctorfrioac.com\/es\/trabaja-con-nosotros\/#breadcrumb"},"inLanguage":"en-US","potentialAction":[{"@type":"ReadAction","target":["https:\/\/doctorfrioac.com\/es\/trabaja-con-nosotros\/"]}]},{"@type":"ImageObject","inLanguage":"en-US","@id":"https:\/\/doctorfrioac.com\/es\/trabaja-con-nosotros\/#primaryimage","url":"https:\/\/doctorfrioac.com\/es\/wp-content\/uploads\/sites\/3\/2024\/10\/doctor-frio-ac-and-heating-featured.jpg","contentUrl":"https:\/\/doctorfrioac.com\/es\/wp-content\/uploads\/sites\/3\/2024\/10\/doctor-frio-ac-and-heating-featured.jpg","width":1200,"height":675,"caption":"Doctor Fr\u00edo A\/C and Heating"},{"@type":"BreadcrumbList","@id":"https:\/\/doctorfrioac.com\/es\/trabaja-con-nosotros\/#breadcrumb","itemListElement":[{"@type":"ListItem","position":1,"name":"Portada","item":"https:\/\/doctorfrioac.com\/es\/"},{"@type":"ListItem","position":2,"name":"Trabaja con nosotros: Empresa de HVAC en Odessa, TX"}]},{"@type":"WebSite","@id":"https:\/\/doctorfrioac.com\/es\/#website","url":"https:\/\/doctorfrioac.com\/es\/","name":"Doctor Fr\u00edo A\/C and Heating","description":"Reparaci\u00f3n e instalaci\u00f3n de calefacci\u00f3n y aire acondicionado en West Texas, TX","publisher":{"@id":"https:\/\/doctorfrioac.com\/es\/#organization"},"alternateName":"Doctor Fr\u00edo A\/C and Heating","potentialAction":[{"@type":"SearchAction","target":{"@type":"EntryPoint","urlTemplate":"https:\/\/doctorfrioac.com\/es\/?s={search_term_string}"},"query-input":{"@type":"PropertyValueSpecification","valueRequired":true,"valueName":"search_term_string"}}],"inLanguage":"en-US"},{"@type":"Organization","@id":"https:\/\/doctorfrioac.com\/es\/#organization","name":"Doctor Fr\u00edo A\/C and Heating LLC","alternateName":"Doctor Fr\u00edo A\/C and Heating","url":"https:\/\/doctorfrioac.com\/es\/","logo":{"@type":"ImageObject","inLanguage":"en-US","@id":"https:\/\/doctorfrioac.com\/es\/#\/schema\/logo\/image\/","url":"https:\/\/doctorfrioac.com\/es\/wp-content\/uploads\/sites\/3\/2024\/11\/logo-color-est-2020.png","contentUrl":"https:\/\/doctorfrioac.com\/es\/wp-content\/uploads\/sites\/3\/2024\/11\/logo-color-est-2020.png","width":3750,"height":2915,"caption":"Doctor Fr\u00edo A\/C and Heating LLC"},"image":{"@id":"https:\/\/doctorfrioac.com\/es\/#\/schema\/logo\/image\/"}}]}},"_links":{"self":[{"href":"https:\/\/doctorfrioac.com\/es\/wp-json\/wp\/v2\/pages\/1004373","targetHints":{"allow":["GET"]}}],"collection":[{"href":"https:\/\/doctorfrioac.com\/es\/wp-json\/wp\/v2\/pages"}],"about":[{"href":"https:\/\/doctorfrioac.com\/es\/wp-json\/wp\/v2\/types\/page"}],"author":[{"embeddable":true,"href":"https:\/\/doctorfrioac.com\/es\/wp-json\/wp\/v2\/users\/1"}],"replies":[{"embeddable":true,"href":"https:\/\/doctorfrioac.com\/es\/wp-json\/wp\/v2\/comments?post=1004373"}],"version-history":[{"count":5,"href":"https:\/\/doctorfrioac.com\/es\/wp-json\/wp\/v2\/pages\/1004373\/revisions"}],"predecessor-version":[{"id":1004889,"href":"https:\/\/doctorfrioac.com\/es\/wp-json\/wp\/v2\/pages\/1004373\/revisions\/1004889"}],"wp:featuredmedia":[{"embeddable":true,"href":"https:\/\/doctorfrioac.com\/es\/wp-json\/wp\/v2\/media\/1004296"}],"wp:attachment":[{"href":"https:\/\/doctorfrioac.com\/es\/wp-json\/wp\/v2\/media?parent=1004373"}],"curies":[{"name":"wp","href":"https:\/\/api.w.org\/{rel}","templated":true}]}}