{"id":1004931,"date":"2025-06-26T09:07:12","date_gmt":"2025-06-26T14:07:12","guid":{"rendered":"https:\/\/doctorfrioac.com\/es\/?page_id=1004931"},"modified":"2025-06-26T09:15:13","modified_gmt":"2025-06-26T14:15:13","slug":"alerta-de-fraude","status":"publish","type":"page","link":"https:\/\/doctorfrioac.com\/es\/alerta-de-fraude\/","title":{"rendered":"\u00a1Alerta de fraude!"},"content":{"rendered":"\t\t<div data-elementor-type=\"wp-post\" data-elementor-id=\"1004931\" class=\"elementor elementor-1004931\">\n\t\t\t\t\t\t<section class=\"elementor-section elementor-top-section elementor-element elementor-element-5a5b24f elementor-section-boxed elementor-section-height-default elementor-section-height-default sc_fly_static\" data-id=\"5a5b24f\" data-element_type=\"section\" data-e-type=\"section\">\n\t\t\t\t\t\t<div class=\"elementor-container elementor-column-gap-no\">\n\t\t\t\t\t<div class=\"elementor-column elementor-col-100 elementor-top-column elementor-element elementor-element-b84b6f2 sc_inner_width_none sc_content_align_inherit sc_layouts_column_icons_position_left sc_fly_static\" data-id=\"b84b6f2\" data-element_type=\"column\" data-e-type=\"column\">\n\t\t\t<div class=\"elementor-widget-wrap elementor-element-populated\">\n\t\t\t\t\t\t<div class=\"elementor-element elementor-element-a975058 sc_fly_static elementor-widget elementor-widget-spacer\" data-id=\"a975058\" data-element_type=\"widget\" data-e-type=\"widget\" data-widget_type=\"spacer.default\">\n\t\t\t\t<div class=\"elementor-widget-container\">\n\t\t\t\t\t\t\t<div class=\"elementor-spacer\">\n\t\t\t<div class=\"elementor-spacer-inner\"><\/div>\n\t\t<\/div>\n\t\t\t\t\t\t<\/div>\n\t\t\t\t<\/div>\n\t\t\t\t<div class=\"elementor-element elementor-element-90868ee sc_fly_static elementor-widget elementor-widget-trx_sc_title\" data-id=\"90868ee\" data-element_type=\"widget\" data-e-type=\"widget\" data-widget_type=\"trx_sc_title.default\">\n\t\t\t\t<div class=\"elementor-widget-container\">\n\t\t\t\t\t<div\t\tclass=\"sc_title sc_title_default\"><h2 class=\"sc_item_title sc_title_title sc_align_center sc_item_title_style_default sc_item_title_tag\"\n\t\t\t><span class=\"sc_item_title_text\">\ud83d\udea8 ALERTA DE FRAUDE \u2013 PROT\u00c9JASE \ud83d\udea8<\/span><\/h2><\/div>\t\t\t\t<\/div>\n\t\t\t\t<\/div>\n\t\t\t\t<div class=\"elementor-element elementor-element-2947332 sc_fly_static elementor-widget elementor-widget-image\" data-id=\"2947332\" data-element_type=\"widget\" data-e-type=\"widget\" data-widget_type=\"image.default\">\n\t\t\t\t<div class=\"elementor-widget-container\">\n\t\t\t\t\t\t\t\t\t\t\t\t\t\t\t<img fetchpriority=\"high\" decoding=\"async\" width=\"370\" height=\"370\" src=\"https:\/\/doctorfrioac.com\/es\/wp-content\/uploads\/sites\/3\/2025\/06\/WhatsApp-Image-2025-06-25-at-8.19.46\u202fp.\u202fm-370x370.jpeg\" class=\"attachment-trx_addons-thumb-avatar size-trx_addons-thumb-avatar wp-image-1004936\" alt=\"\" srcset=\"https:\/\/doctorfrioac.com\/es\/wp-content\/uploads\/sites\/3\/2025\/06\/WhatsApp-Image-2025-06-25-at-8.19.46\u202fp.\u202fm-370x370.jpeg 370w, https:\/\/doctorfrioac.com\/es\/wp-content\/uploads\/sites\/3\/2025\/06\/WhatsApp-Image-2025-06-25-at-8.19.46\u202fp.\u202fm-150x150.jpeg 150w, https:\/\/doctorfrioac.com\/es\/wp-content\/uploads\/sites\/3\/2025\/06\/WhatsApp-Image-2025-06-25-at-8.19.46\u202fp.\u202fm-120x120.jpeg 120w\" sizes=\"(max-width: 767px) 100vw, 370px\" \/>\t\t\t\t\t\t\t\t\t\t\t\t\t\t\t<\/div>\n\t\t\t\t<\/div>\n\t\t\t\t<div class=\"elementor-element elementor-element-fb30588 sc_fly_static elementor-widget elementor-widget-text-editor\" data-id=\"fb30588\" data-element_type=\"widget\" data-e-type=\"widget\" data-widget_type=\"text-editor.default\">\n\t\t\t\t<div class=\"elementor-widget-container\">\n\t\t\t\t\t\t\t\t\t<p>Nos hemos enterado de que un individuo llamado Jonathan Granados afirma falsamente representar a Doctor Fr\u00edo A\/C and Heating LLC, utilizando tarjetas de presentaci\u00f3n falsas y tergiversando nuestra marca.<\/p><p>\u26a0\ufe0f Esta persona NO es nuestro empleado, NO est\u00e1 afiliado a nuestra empresa y NO tiene autorizaci\u00f3n para realizar servicios bajo nuestro nombre.<\/p><p>Si alguien se presenta como t\u00e9cnico de Doctor Fr\u00edo, por favor, verifique directamente con nuestra oficina antes de permitirle realizar cualquier trabajo.<\/p><p><strong>\ud83d\udcde Ll\u00e1menos al (432) 614-7593<\/strong><br \/><strong>\ud83d\udce7 Correo electr\u00f3nico: office@doctorfrioac.com<\/strong><\/p><p>Estamos tomando acciones legales y lamentamos profundamente cualquier confusi\u00f3n o da\u00f1o causado por esta persona. Su seguridad y confianza son nuestra m\u00e1xima prioridad.<\/p><p>\u2705 Conf\u00ede \u00fanicamente en los t\u00e9cnicos enviados directamente por nosotros y que lleguen en veh\u00edculos identificados de la empresa y con uniformes oficiales.<\/p><p>Gracias a los clientes que nos han informado sobre esto. Ay\u00fadenos a compartir esto y mant\u00e9ngase alerta.<\/p><p><strong><em>\u2014 Equipo de Doctor Fr\u00edo, compa\u00f1\u00eda de aire acondicionado y calefacci\u00f3n.<\/em><\/strong><\/p>\t\t\t\t\t\t\t\t<\/div>\n\t\t\t\t<\/div>\n\t\t\t\t<div class=\"elementor-element elementor-element-69714a3 sc_fly_static elementor-widget elementor-widget-spacer\" data-id=\"69714a3\" data-element_type=\"widget\" data-e-type=\"widget\" data-widget_type=\"spacer.default\">\n\t\t\t\t<div class=\"elementor-widget-container\">\n\t\t\t\t\t\t\t<div class=\"elementor-spacer\">\n\t\t\t<div class=\"elementor-spacer-inner\"><\/div>\n\t\t<\/div>\n\t\t\t\t\t\t<\/div>\n\t\t\t\t<\/div>\n\t\t\t\t\t<\/div>\n\t\t<\/div>\n\t\t\t\t\t<\/div>\n\t\t<\/section>\n\t\t\t\t<\/div>\n\t\t","protected":false},"excerpt":{"rendered":"<p>\ud83d\udea8 ALERTA DE FRAUDE \u2013 PROT\u00c9JASE \ud83d\udea8 Nos hemos enterado de que un individuo llamado Jonathan Granados afirma falsamente representar a Doctor Fr\u00edo A\/C and Heating LLC, utilizando tarjetas de&hellip;<\/p>\n","protected":false},"author":1,"featured_media":1004296,"parent":0,"menu_order":0,"comment_status":"closed","ping_status":"closed","template":"","meta":{"footnotes":""},"class_list":["post-1004931","page","type-page","status-publish","has-post-thumbnail","hentry"],"yoast_head":"<!-- This site is optimized with the Yoast SEO plugin v27.4 - https:\/\/yoast.com\/product\/yoast-seo-wordpress\/ -->\n<title>Alerta de fraude: Doctor Fr\u00edo A\/C and Heating [ Odessa, TX ]<\/title>\n<meta name=\"description\" content=\"Nos hemos enterado de que un individuo llamado Jonathan Granados afirma falsamente representar a Doctor Fr\u00edo A\/C and Heating LLC, utilizando tarjetas de presentaci\u00f3n falsas y tergiversando nuestra marca.\" \/>\n<meta name=\"robots\" content=\"index, follow, max-snippet:-1, max-image-preview:large, max-video-preview:-1\" \/>\n<link rel=\"canonical\" href=\"https:\/\/doctorfrioac.com\/es\/alerta-de-fraude\/\" \/>\n<meta property=\"og:locale\" content=\"en_US\" \/>\n<meta property=\"og:type\" content=\"article\" \/>\n<meta property=\"og:title\" content=\"Alerta de fraude: Doctor Fr\u00edo A\/C and Heating [ Odessa, TX ]\" \/>\n<meta property=\"og:description\" content=\"Nos hemos enterado de que un individuo llamado Jonathan Granados afirma falsamente representar a Doctor Fr\u00edo A\/C and Heating LLC, utilizando tarjetas de presentaci\u00f3n falsas y tergiversando nuestra marca.\" \/>\n<meta property=\"og:url\" content=\"https:\/\/doctorfrioac.com\/es\/alerta-de-fraude\/\" \/>\n<meta property=\"og:site_name\" content=\"Doctor Fr\u00edo A\/C and Heating (ES)\" \/>\n<meta property=\"article:modified_time\" content=\"2025-06-26T14:15:13+00:00\" \/>\n<meta property=\"og:image\" content=\"https:\/\/doctorfrioac.com\/es\/wp-content\/uploads\/sites\/3\/2024\/10\/doctor-frio-ac-and-heating-featured.jpg\" \/>\n\t<meta property=\"og:image:width\" content=\"1200\" \/>\n\t<meta property=\"og:image:height\" content=\"675\" \/>\n\t<meta property=\"og:image:type\" content=\"image\/jpeg\" \/>\n<meta name=\"twitter:card\" content=\"summary_large_image\" \/>\n<meta name=\"twitter:label1\" content=\"Est. reading time\" \/>\n\t<meta name=\"twitter:data1\" content=\"1 minute\" \/>\n<script type=\"application\/ld+json\" class=\"yoast-schema-graph\">{\"@context\":\"https:\\\/\\\/schema.org\",\"@graph\":[{\"@type\":\"WebPage\",\"@id\":\"https:\\\/\\\/doctorfrioac.com\\\/es\\\/alerta-de-fraude\\\/\",\"url\":\"https:\\\/\\\/doctorfrioac.com\\\/es\\\/alerta-de-fraude\\\/\",\"name\":\"Alerta de fraude: Doctor Fr\u00edo A\\\/C and Heating [ Odessa, TX ]\",\"isPartOf\":{\"@id\":\"https:\\\/\\\/doctorfrioac.com\\\/es\\\/#website\"},\"primaryImageOfPage\":{\"@id\":\"https:\\\/\\\/doctorfrioac.com\\\/es\\\/alerta-de-fraude\\\/#primaryimage\"},\"image\":{\"@id\":\"https:\\\/\\\/doctorfrioac.com\\\/es\\\/alerta-de-fraude\\\/#primaryimage\"},\"thumbnailUrl\":\"https:\\\/\\\/doctorfrioac.com\\\/es\\\/wp-content\\\/uploads\\\/sites\\\/3\\\/2024\\\/10\\\/doctor-frio-ac-and-heating-featured.jpg\",\"datePublished\":\"2025-06-26T14:07:12+00:00\",\"dateModified\":\"2025-06-26T14:15:13+00:00\",\"description\":\"Nos hemos enterado de que un individuo llamado Jonathan Granados afirma falsamente representar a Doctor Fr\u00edo A\\\/C and Heating LLC, utilizando tarjetas de presentaci\u00f3n falsas y tergiversando nuestra marca.\",\"breadcrumb\":{\"@id\":\"https:\\\/\\\/doctorfrioac.com\\\/es\\\/alerta-de-fraude\\\/#breadcrumb\"},\"inLanguage\":\"en-US\",\"potentialAction\":[{\"@type\":\"ReadAction\",\"target\":[\"https:\\\/\\\/doctorfrioac.com\\\/es\\\/alerta-de-fraude\\\/\"]}]},{\"@type\":\"ImageObject\",\"inLanguage\":\"en-US\",\"@id\":\"https:\\\/\\\/doctorfrioac.com\\\/es\\\/alerta-de-fraude\\\/#primaryimage\",\"url\":\"https:\\\/\\\/doctorfrioac.com\\\/es\\\/wp-content\\\/uploads\\\/sites\\\/3\\\/2024\\\/10\\\/doctor-frio-ac-and-heating-featured.jpg\",\"contentUrl\":\"https:\\\/\\\/doctorfrioac.com\\\/es\\\/wp-content\\\/uploads\\\/sites\\\/3\\\/2024\\\/10\\\/doctor-frio-ac-and-heating-featured.jpg\",\"width\":1200,\"height\":675,\"caption\":\"Doctor Fr\u00edo A\\\/C and Heating\"},{\"@type\":\"BreadcrumbList\",\"@id\":\"https:\\\/\\\/doctorfrioac.com\\\/es\\\/alerta-de-fraude\\\/#breadcrumb\",\"itemListElement\":[{\"@type\":\"ListItem\",\"position\":1,\"name\":\"Portada\",\"item\":\"https:\\\/\\\/doctorfrioac.com\\\/es\\\/\"},{\"@type\":\"ListItem\",\"position\":2,\"name\":\"\u00a1Alerta de fraude!\"}]},{\"@type\":\"WebSite\",\"@id\":\"https:\\\/\\\/doctorfrioac.com\\\/es\\\/#website\",\"url\":\"https:\\\/\\\/doctorfrioac.com\\\/es\\\/\",\"name\":\"Doctor Fr\u00edo A\\\/C and Heating\",\"description\":\"Reparaci\u00f3n e instalaci\u00f3n de calefacci\u00f3n y aire acondicionado en West Texas, TX\",\"publisher\":{\"@id\":\"https:\\\/\\\/doctorfrioac.com\\\/es\\\/#organization\"},\"alternateName\":\"Doctor Fr\u00edo A\\\/C and Heating\",\"potentialAction\":[{\"@type\":\"SearchAction\",\"target\":{\"@type\":\"EntryPoint\",\"urlTemplate\":\"https:\\\/\\\/doctorfrioac.com\\\/es\\\/?s={search_term_string}\"},\"query-input\":{\"@type\":\"PropertyValueSpecification\",\"valueRequired\":true,\"valueName\":\"search_term_string\"}}],\"inLanguage\":\"en-US\"},{\"@type\":\"Organization\",\"@id\":\"https:\\\/\\\/doctorfrioac.com\\\/es\\\/#organization\",\"name\":\"Doctor Fr\u00edo A\\\/C and Heating LLC\",\"alternateName\":\"Doctor Fr\u00edo A\\\/C and Heating\",\"url\":\"https:\\\/\\\/doctorfrioac.com\\\/es\\\/\",\"logo\":{\"@type\":\"ImageObject\",\"inLanguage\":\"en-US\",\"@id\":\"https:\\\/\\\/doctorfrioac.com\\\/es\\\/#\\\/schema\\\/logo\\\/image\\\/\",\"url\":\"https:\\\/\\\/doctorfrioac.com\\\/es\\\/wp-content\\\/uploads\\\/sites\\\/3\\\/2024\\\/11\\\/logo-color-est-2020.png\",\"contentUrl\":\"https:\\\/\\\/doctorfrioac.com\\\/es\\\/wp-content\\\/uploads\\\/sites\\\/3\\\/2024\\\/11\\\/logo-color-est-2020.png\",\"width\":3750,\"height\":2915,\"caption\":\"Doctor Fr\u00edo A\\\/C and Heating LLC\"},\"image\":{\"@id\":\"https:\\\/\\\/doctorfrioac.com\\\/es\\\/#\\\/schema\\\/logo\\\/image\\\/\"}}]}<\/script>\n<!-- \/ Yoast SEO plugin. -->","yoast_head_json":{"title":"Alerta de fraude: Doctor Fr\u00edo A\/C and Heating [ Odessa, TX ]","description":"Nos hemos enterado de que un individuo llamado Jonathan Granados afirma falsamente representar a Doctor Fr\u00edo A\/C and Heating LLC, utilizando tarjetas de presentaci\u00f3n falsas y tergiversando nuestra marca.","robots":{"index":"index","follow":"follow","max-snippet":"max-snippet:-1","max-image-preview":"max-image-preview:large","max-video-preview":"max-video-preview:-1"},"canonical":"https:\/\/doctorfrioac.com\/es\/alerta-de-fraude\/","og_locale":"en_US","og_type":"article","og_title":"Alerta de fraude: Doctor Fr\u00edo A\/C and Heating [ Odessa, TX ]","og_description":"Nos hemos enterado de que un individuo llamado Jonathan Granados afirma falsamente representar a Doctor Fr\u00edo A\/C and Heating LLC, utilizando tarjetas de presentaci\u00f3n falsas y tergiversando nuestra marca.","og_url":"https:\/\/doctorfrioac.com\/es\/alerta-de-fraude\/","og_site_name":"Doctor Fr\u00edo A\/C and Heating (ES)","article_modified_time":"2025-06-26T14:15:13+00:00","og_image":[{"width":1200,"height":675,"url":"https:\/\/doctorfrioac.com\/es\/wp-content\/uploads\/sites\/3\/2024\/10\/doctor-frio-ac-and-heating-featured.jpg","type":"image\/jpeg"}],"twitter_card":"summary_large_image","twitter_misc":{"Est. reading time":"1 minute"},"schema":{"@context":"https:\/\/schema.org","@graph":[{"@type":"WebPage","@id":"https:\/\/doctorfrioac.com\/es\/alerta-de-fraude\/","url":"https:\/\/doctorfrioac.com\/es\/alerta-de-fraude\/","name":"Alerta de fraude: Doctor Fr\u00edo A\/C and Heating [ Odessa, TX ]","isPartOf":{"@id":"https:\/\/doctorfrioac.com\/es\/#website"},"primaryImageOfPage":{"@id":"https:\/\/doctorfrioac.com\/es\/alerta-de-fraude\/#primaryimage"},"image":{"@id":"https:\/\/doctorfrioac.com\/es\/alerta-de-fraude\/#primaryimage"},"thumbnailUrl":"https:\/\/doctorfrioac.com\/es\/wp-content\/uploads\/sites\/3\/2024\/10\/doctor-frio-ac-and-heating-featured.jpg","datePublished":"2025-06-26T14:07:12+00:00","dateModified":"2025-06-26T14:15:13+00:00","description":"Nos hemos enterado de que un individuo llamado Jonathan Granados afirma falsamente representar a Doctor Fr\u00edo A\/C and Heating LLC, utilizando tarjetas de presentaci\u00f3n falsas y tergiversando nuestra marca.","breadcrumb":{"@id":"https:\/\/doctorfrioac.com\/es\/alerta-de-fraude\/#breadcrumb"},"inLanguage":"en-US","potentialAction":[{"@type":"ReadAction","target":["https:\/\/doctorfrioac.com\/es\/alerta-de-fraude\/"]}]},{"@type":"ImageObject","inLanguage":"en-US","@id":"https:\/\/doctorfrioac.com\/es\/alerta-de-fraude\/#primaryimage","url":"https:\/\/doctorfrioac.com\/es\/wp-content\/uploads\/sites\/3\/2024\/10\/doctor-frio-ac-and-heating-featured.jpg","contentUrl":"https:\/\/doctorfrioac.com\/es\/wp-content\/uploads\/sites\/3\/2024\/10\/doctor-frio-ac-and-heating-featured.jpg","width":1200,"height":675,"caption":"Doctor Fr\u00edo A\/C and Heating"},{"@type":"BreadcrumbList","@id":"https:\/\/doctorfrioac.com\/es\/alerta-de-fraude\/#breadcrumb","itemListElement":[{"@type":"ListItem","position":1,"name":"Portada","item":"https:\/\/doctorfrioac.com\/es\/"},{"@type":"ListItem","position":2,"name":"\u00a1Alerta de fraude!"}]},{"@type":"WebSite","@id":"https:\/\/doctorfrioac.com\/es\/#website","url":"https:\/\/doctorfrioac.com\/es\/","name":"Doctor Fr\u00edo A\/C and Heating","description":"Reparaci\u00f3n e instalaci\u00f3n de calefacci\u00f3n y aire acondicionado en West Texas, TX","publisher":{"@id":"https:\/\/doctorfrioac.com\/es\/#organization"},"alternateName":"Doctor Fr\u00edo A\/C and Heating","potentialAction":[{"@type":"SearchAction","target":{"@type":"EntryPoint","urlTemplate":"https:\/\/doctorfrioac.com\/es\/?s={search_term_string}"},"query-input":{"@type":"PropertyValueSpecification","valueRequired":true,"valueName":"search_term_string"}}],"inLanguage":"en-US"},{"@type":"Organization","@id":"https:\/\/doctorfrioac.com\/es\/#organization","name":"Doctor Fr\u00edo A\/C and Heating LLC","alternateName":"Doctor Fr\u00edo A\/C and Heating","url":"https:\/\/doctorfrioac.com\/es\/","logo":{"@type":"ImageObject","inLanguage":"en-US","@id":"https:\/\/doctorfrioac.com\/es\/#\/schema\/logo\/image\/","url":"https:\/\/doctorfrioac.com\/es\/wp-content\/uploads\/sites\/3\/2024\/11\/logo-color-est-2020.png","contentUrl":"https:\/\/doctorfrioac.com\/es\/wp-content\/uploads\/sites\/3\/2024\/11\/logo-color-est-2020.png","width":3750,"height":2915,"caption":"Doctor Fr\u00edo A\/C and Heating LLC"},"image":{"@id":"https:\/\/doctorfrioac.com\/es\/#\/schema\/logo\/image\/"}}]}},"_links":{"self":[{"href":"https:\/\/doctorfrioac.com\/es\/wp-json\/wp\/v2\/pages\/1004931","targetHints":{"allow":["GET"]}}],"collection":[{"href":"https:\/\/doctorfrioac.com\/es\/wp-json\/wp\/v2\/pages"}],"about":[{"href":"https:\/\/doctorfrioac.com\/es\/wp-json\/wp\/v2\/types\/page"}],"author":[{"embeddable":true,"href":"https:\/\/doctorfrioac.com\/es\/wp-json\/wp\/v2\/users\/1"}],"replies":[{"embeddable":true,"href":"https:\/\/doctorfrioac.com\/es\/wp-json\/wp\/v2\/comments?post=1004931"}],"version-history":[{"count":7,"href":"https:\/\/doctorfrioac.com\/es\/wp-json\/wp\/v2\/pages\/1004931\/revisions"}],"predecessor-version":[{"id":1004939,"href":"https:\/\/doctorfrioac.com\/es\/wp-json\/wp\/v2\/pages\/1004931\/revisions\/1004939"}],"wp:featuredmedia":[{"embeddable":true,"href":"https:\/\/doctorfrioac.com\/es\/wp-json\/wp\/v2\/media\/1004296"}],"wp:attachment":[{"href":"https:\/\/doctorfrioac.com\/es\/wp-json\/wp\/v2\/media?parent=1004931"}],"curies":[{"name":"wp","href":"https:\/\/api.w.org\/{rel}","templated":true}]}}