{"id":9,"date":"2024-10-07T05:21:49","date_gmt":"2024-10-07T10:21:49","guid":{"rendered":"https:\/\/doctorfrioac.com\/es\/contacts\/"},"modified":"2025-03-20T11:31:58","modified_gmt":"2025-03-20T16:31:58","slug":"contacto","status":"publish","type":"page","link":"https:\/\/doctorfrioac.com\/es\/contacto\/","title":{"rendered":"Proveedor de servicios de HVAC en West Texas"},"content":{"rendered":"\t\t<div data-elementor-type=\"wp-post\" data-elementor-id=\"9\" class=\"elementor elementor-9\">\n\t\t\t\t\t\t<section class=\"elementor-section elementor-top-section elementor-element elementor-element-3383fcb elementor-section-full_width elementor-section-height-default elementor-section-height-default sc_fly_static\" data-id=\"3383fcb\" data-element_type=\"section\" data-e-type=\"section\">\n\t\t\t\t\t\t<div class=\"elementor-container elementor-column-gap-no\">\n\t\t\t\t\t<div class=\"elementor-column elementor-col-100 elementor-top-column elementor-element elementor-element-d225391 sc_inner_width_none sc_content_align_inherit sc_layouts_column_icons_position_left sc_fly_static\" data-id=\"d225391\" data-element_type=\"column\" data-e-type=\"column\">\n\t\t\t<div class=\"elementor-widget-wrap elementor-element-populated\">\n\t\t\t\t\t\t<div class=\"elementor-element elementor-element-bd4e22b animation_type_block sc_fly_static elementor-invisible elementor-widget elementor-widget-trx_sc_googlemap\" data-id=\"bd4e22b\" data-element_type=\"widget\" data-e-type=\"widget\" data-settings=\"{&quot;_animation&quot;:&quot;fadeIn&quot;}\" data-widget_type=\"trx_sc_googlemap.default\">\n\t\t\t\t<div class=\"elementor-widget-container\">\n\t\t\t\t\t<div id=\"sc_googlemap_934453883_wrap\" class=\"sc_googlemap_wrap\"><div id=\"sc_googlemap_934453883\"\t\t\tclass=\"sc_item_content sc_map sc_googlemap sc_googlemap_default trx_addons_inline_2078307234\"\n\t\t\t\t\t\tdata-zoom=\"15\"\n\t\t\tdata-center=\"\"\n\t\t\tdata-style=\"default\"\n\t\t\tdata-cluster-icon=\"\"\n\t\t\t><iframe\n\t\t\t\t\t\tsrc=\"https:\/\/maps.google.com\/maps?t=m&output=embed&iwloc=near&z=15&q=3981+W+Arcadia+St%2C+Odessa%2C+TX+79764\"\n\t\t\t\t\t\taria-label=\"\"><\/iframe><\/div><\/div>\t\t\t\t<\/div>\n\t\t\t\t<\/div>\n\t\t\t\t\t<\/div>\n\t\t<\/div>\n\t\t\t\t\t<\/div>\n\t\t<\/section>\n\t\t\t\t<section class=\"elementor-section elementor-top-section elementor-element elementor-element-41453c4 elementor-section-boxed elementor-section-height-default elementor-section-height-default sc_fly_static\" data-id=\"41453c4\" data-element_type=\"section\" data-e-type=\"section\">\n\t\t\t\t\t\t<div class=\"elementor-container elementor-column-gap-no\">\n\t\t\t\t\t<div class=\"elementor-column elementor-col-100 elementor-top-column elementor-element elementor-element-6581536 sc_inner_width_none sc_content_align_inherit sc_layouts_column_icons_position_left sc_fly_static\" data-id=\"6581536\" data-element_type=\"column\" data-e-type=\"column\">\n\t\t\t<div class=\"elementor-widget-wrap elementor-element-populated\">\n\t\t\t\t\t\t<div class=\"elementor-element elementor-element-c74af86 sc_fly_static elementor-widget elementor-widget-spacer\" data-id=\"c74af86\" data-element_type=\"widget\" data-e-type=\"widget\" data-widget_type=\"spacer.default\">\n\t\t\t\t<div class=\"elementor-widget-container\">\n\t\t\t\t\t\t\t<div class=\"elementor-spacer\">\n\t\t\t<div class=\"elementor-spacer-inner\"><\/div>\n\t\t<\/div>\n\t\t\t\t\t\t<\/div>\n\t\t\t\t<\/div>\n\t\t\t\t<div class=\"elementor-element elementor-element-5d8f3c1 animation_type_sequental sc_fly_static elementor-invisible elementor-widget elementor-widget-trx_sc_icons\" data-id=\"5d8f3c1\" data-element_type=\"widget\" data-e-type=\"widget\" data-settings=\"{&quot;_animation&quot;:&quot;fadeIn&quot;,&quot;_animation_delay&quot;:300}\" data-widget_type=\"trx_sc_icons.default\">\n\t\t\t\t<div class=\"elementor-widget-container\">\n\t\t\t\t\t<div \n\tclass=\"sc_icons sc_icons_default sc_icons_size_medium sc_align_center\"><div class=\"sc_icons_columns_wrap sc_item_columns trx_addons_columns_wrap columns_padding_bottom columns_in_single_row\"><div class=\"trx_addons_column-1_3\"><div class=\"sc_icons_item\"><div class=\"sc_icons_icon sc_icon_type_ icon-placeholder\"><span class=\"sc_icon_type_ icon-placeholder\"><\/span><\/div><div class=\"sc_icons_item_details\"><h4 class=\"sc_icons_item_title\"><span>Direcci\u00f3n<\/span><\/h4><div class=\"sc_icons_item_description\"><span>3981 W Arcadia St, Odessa, TX 79764<\/span><\/div><\/div><\/div><\/div><div class=\"trx_addons_column-1_3\"><div class=\"sc_icons_item\"><div class=\"sc_icons_icon sc_icon_type_ icon-envelope\"><span class=\"sc_icon_type_ icon-envelope\"><\/span><\/div><div class=\"sc_icons_item_details\"><h4 class=\"sc_icons_item_title\"><span>Correo<\/span><\/h4><div class=\"sc_icons_item_description\"><span><a href=\"mailto:info@doctorfrioac.com\">info@doctorfrioac.com<\/a><\/span><\/div><\/div><\/div><\/div><div class=\"trx_addons_column-1_3\"><div class=\"sc_icons_item\"><div class=\"sc_icons_icon sc_icon_type_ icon-phone-call\"><span class=\"sc_icon_type_ icon-phone-call\"><\/span><\/div><div class=\"sc_icons_item_details\"><h4 class=\"sc_icons_item_title\"><span>Tel\u00e9fono<\/span><\/h4><div class=\"sc_icons_item_description\"><span><a href=\"tel:14326147593\">+1 432-614-7593 <\/a><\/span><\/div><\/div><\/div><\/div><\/div><\/div>\t\t\t\t<\/div>\n\t\t\t\t<\/div>\n\t\t\t\t<div class=\"elementor-element elementor-element-9159e04 sc_fly_static elementor-widget elementor-widget-spacer\" data-id=\"9159e04\" data-element_type=\"widget\" data-e-type=\"widget\" data-widget_type=\"spacer.default\">\n\t\t\t\t<div class=\"elementor-widget-container\">\n\t\t\t\t\t\t\t<div class=\"elementor-spacer\">\n\t\t\t<div class=\"elementor-spacer-inner\"><\/div>\n\t\t<\/div>\n\t\t\t\t\t\t<\/div>\n\t\t\t\t<\/div>\n\t\t\t\t\t<\/div>\n\t\t<\/div>\n\t\t\t\t\t<\/div>\n\t\t<\/section>\n\t\t\t\t<\/div>\n\t\t","protected":false},"excerpt":{"rendered":"<p>Direcci\u00f3n 3981 W Arcadia St, Odessa, TX 79764 Correo info@doctorfrioac.com Tel\u00e9fono +1 432-614-7593<\/p>\n","protected":false},"author":1,"featured_media":1004296,"parent":0,"menu_order":0,"comment_status":"closed","ping_status":"closed","template":"","meta":{"footnotes":""},"class_list":["post-9","page","type-page","status-publish","has-post-thumbnail","hentry"],"yoast_head":"<!-- This site is optimized with the Yoast SEO plugin v27.4 - https:\/\/yoast.com\/product\/yoast-seo-wordpress\/ -->\n<title>Contacto: Doctor Fr\u00edo A\/C and Heating [ Odessa, TX ]<\/title>\n<meta name=\"description\" content=\"\u00bfNecesitas asistencia HVAC en West Texas? Contacta a Doctor Fr\u00edo A\/C and Heating. Llama ahora para recibir una respuesta r\u00e1pida.\" \/>\n<meta name=\"robots\" content=\"index, follow, max-snippet:-1, max-image-preview:large, max-video-preview:-1\" \/>\n<link rel=\"canonical\" href=\"https:\/\/doctorfrioac.com\/es\/contacto\/\" \/>\n<meta property=\"og:locale\" content=\"en_US\" \/>\n<meta property=\"og:type\" content=\"article\" \/>\n<meta property=\"og:title\" content=\"Contacto: Doctor Fr\u00edo A\/C and Heating [ Odessa, TX ]\" \/>\n<meta property=\"og:description\" content=\"\u00bfNecesitas asistencia HVAC en West Texas? Contacta a Doctor Fr\u00edo A\/C and Heating. Llama ahora para recibir una respuesta r\u00e1pida.\" \/>\n<meta property=\"og:url\" content=\"https:\/\/doctorfrioac.com\/es\/contacto\/\" \/>\n<meta property=\"og:site_name\" content=\"Doctor Fr\u00edo A\/C and Heating (ES)\" \/>\n<meta property=\"article:modified_time\" content=\"2025-03-20T16:31:58+00:00\" \/>\n<meta property=\"og:image\" content=\"https:\/\/doctorfrioac.com\/es\/wp-content\/uploads\/sites\/3\/2024\/10\/doctor-frio-ac-and-heating-featured.jpg\" \/>\n\t<meta property=\"og:image:width\" content=\"1200\" \/>\n\t<meta property=\"og:image:height\" content=\"675\" \/>\n\t<meta property=\"og:image:type\" content=\"image\/jpeg\" \/>\n<meta name=\"twitter:card\" content=\"summary_large_image\" \/>\n<meta name=\"twitter:label1\" content=\"Est. reading time\" \/>\n\t<meta name=\"twitter:data1\" content=\"1 minute\" \/>\n<script type=\"application\/ld+json\" class=\"yoast-schema-graph\">{\"@context\":\"https:\\\/\\\/schema.org\",\"@graph\":[{\"@type\":\"WebPage\",\"@id\":\"https:\\\/\\\/doctorfrioac.com\\\/es\\\/contacto\\\/\",\"url\":\"https:\\\/\\\/doctorfrioac.com\\\/es\\\/contacto\\\/\",\"name\":\"Contacto: Doctor Fr\u00edo A\\\/C and Heating [ Odessa, TX ]\",\"isPartOf\":{\"@id\":\"https:\\\/\\\/doctorfrioac.com\\\/es\\\/#website\"},\"primaryImageOfPage\":{\"@id\":\"https:\\\/\\\/doctorfrioac.com\\\/es\\\/contacto\\\/#primaryimage\"},\"image\":{\"@id\":\"https:\\\/\\\/doctorfrioac.com\\\/es\\\/contacto\\\/#primaryimage\"},\"thumbnailUrl\":\"https:\\\/\\\/doctorfrioac.com\\\/es\\\/wp-content\\\/uploads\\\/sites\\\/3\\\/2024\\\/10\\\/doctor-frio-ac-and-heating-featured.jpg\",\"datePublished\":\"2024-10-07T10:21:49+00:00\",\"dateModified\":\"2025-03-20T16:31:58+00:00\",\"description\":\"\u00bfNecesitas asistencia HVAC en West Texas? Contacta a Doctor Fr\u00edo A\\\/C and Heating. Llama ahora para recibir una respuesta r\u00e1pida.\",\"breadcrumb\":{\"@id\":\"https:\\\/\\\/doctorfrioac.com\\\/es\\\/contacto\\\/#breadcrumb\"},\"inLanguage\":\"en-US\",\"potentialAction\":[{\"@type\":\"ReadAction\",\"target\":[\"https:\\\/\\\/doctorfrioac.com\\\/es\\\/contacto\\\/\"]}]},{\"@type\":\"ImageObject\",\"inLanguage\":\"en-US\",\"@id\":\"https:\\\/\\\/doctorfrioac.com\\\/es\\\/contacto\\\/#primaryimage\",\"url\":\"https:\\\/\\\/doctorfrioac.com\\\/es\\\/wp-content\\\/uploads\\\/sites\\\/3\\\/2024\\\/10\\\/doctor-frio-ac-and-heating-featured.jpg\",\"contentUrl\":\"https:\\\/\\\/doctorfrioac.com\\\/es\\\/wp-content\\\/uploads\\\/sites\\\/3\\\/2024\\\/10\\\/doctor-frio-ac-and-heating-featured.jpg\",\"width\":1200,\"height\":675,\"caption\":\"Doctor Fr\u00edo A\\\/C and Heating\"},{\"@type\":\"BreadcrumbList\",\"@id\":\"https:\\\/\\\/doctorfrioac.com\\\/es\\\/contacto\\\/#breadcrumb\",\"itemListElement\":[{\"@type\":\"ListItem\",\"position\":1,\"name\":\"Portada\",\"item\":\"https:\\\/\\\/doctorfrioac.com\\\/es\\\/\"},{\"@type\":\"ListItem\",\"position\":2,\"name\":\"Proveedor de servicios de HVAC en West Texas\"}]},{\"@type\":\"WebSite\",\"@id\":\"https:\\\/\\\/doctorfrioac.com\\\/es\\\/#website\",\"url\":\"https:\\\/\\\/doctorfrioac.com\\\/es\\\/\",\"name\":\"Doctor Fr\u00edo A\\\/C and Heating\",\"description\":\"Reparaci\u00f3n e instalaci\u00f3n de calefacci\u00f3n y aire acondicionado en West Texas, TX\",\"publisher\":{\"@id\":\"https:\\\/\\\/doctorfrioac.com\\\/es\\\/#organization\"},\"alternateName\":\"Doctor Fr\u00edo A\\\/C and Heating\",\"potentialAction\":[{\"@type\":\"SearchAction\",\"target\":{\"@type\":\"EntryPoint\",\"urlTemplate\":\"https:\\\/\\\/doctorfrioac.com\\\/es\\\/?s={search_term_string}\"},\"query-input\":{\"@type\":\"PropertyValueSpecification\",\"valueRequired\":true,\"valueName\":\"search_term_string\"}}],\"inLanguage\":\"en-US\"},{\"@type\":\"Organization\",\"@id\":\"https:\\\/\\\/doctorfrioac.com\\\/es\\\/#organization\",\"name\":\"Doctor Fr\u00edo A\\\/C and Heating LLC\",\"alternateName\":\"Doctor Fr\u00edo A\\\/C and Heating\",\"url\":\"https:\\\/\\\/doctorfrioac.com\\\/es\\\/\",\"logo\":{\"@type\":\"ImageObject\",\"inLanguage\":\"en-US\",\"@id\":\"https:\\\/\\\/doctorfrioac.com\\\/es\\\/#\\\/schema\\\/logo\\\/image\\\/\",\"url\":\"https:\\\/\\\/doctorfrioac.com\\\/es\\\/wp-content\\\/uploads\\\/sites\\\/3\\\/2024\\\/11\\\/logo-color-est-2020.png\",\"contentUrl\":\"https:\\\/\\\/doctorfrioac.com\\\/es\\\/wp-content\\\/uploads\\\/sites\\\/3\\\/2024\\\/11\\\/logo-color-est-2020.png\",\"width\":3750,\"height\":2915,\"caption\":\"Doctor Fr\u00edo A\\\/C and Heating LLC\"},\"image\":{\"@id\":\"https:\\\/\\\/doctorfrioac.com\\\/es\\\/#\\\/schema\\\/logo\\\/image\\\/\"}}]}<\/script>\n<!-- \/ Yoast SEO plugin. -->","yoast_head_json":{"title":"Contacto: Doctor Fr\u00edo A\/C and Heating [ Odessa, TX ]","description":"\u00bfNecesitas asistencia HVAC en West Texas? Contacta a Doctor Fr\u00edo A\/C and Heating. Llama ahora para recibir una respuesta r\u00e1pida.","robots":{"index":"index","follow":"follow","max-snippet":"max-snippet:-1","max-image-preview":"max-image-preview:large","max-video-preview":"max-video-preview:-1"},"canonical":"https:\/\/doctorfrioac.com\/es\/contacto\/","og_locale":"en_US","og_type":"article","og_title":"Contacto: Doctor Fr\u00edo A\/C and Heating [ Odessa, TX ]","og_description":"\u00bfNecesitas asistencia HVAC en West Texas? Contacta a Doctor Fr\u00edo A\/C and Heating. Llama ahora para recibir una respuesta r\u00e1pida.","og_url":"https:\/\/doctorfrioac.com\/es\/contacto\/","og_site_name":"Doctor Fr\u00edo A\/C and Heating (ES)","article_modified_time":"2025-03-20T16:31:58+00:00","og_image":[{"width":1200,"height":675,"url":"https:\/\/doctorfrioac.com\/es\/wp-content\/uploads\/sites\/3\/2024\/10\/doctor-frio-ac-and-heating-featured.jpg","type":"image\/jpeg"}],"twitter_card":"summary_large_image","twitter_misc":{"Est. reading time":"1 minute"},"schema":{"@context":"https:\/\/schema.org","@graph":[{"@type":"WebPage","@id":"https:\/\/doctorfrioac.com\/es\/contacto\/","url":"https:\/\/doctorfrioac.com\/es\/contacto\/","name":"Contacto: Doctor Fr\u00edo A\/C and Heating [ Odessa, TX ]","isPartOf":{"@id":"https:\/\/doctorfrioac.com\/es\/#website"},"primaryImageOfPage":{"@id":"https:\/\/doctorfrioac.com\/es\/contacto\/#primaryimage"},"image":{"@id":"https:\/\/doctorfrioac.com\/es\/contacto\/#primaryimage"},"thumbnailUrl":"https:\/\/doctorfrioac.com\/es\/wp-content\/uploads\/sites\/3\/2024\/10\/doctor-frio-ac-and-heating-featured.jpg","datePublished":"2024-10-07T10:21:49+00:00","dateModified":"2025-03-20T16:31:58+00:00","description":"\u00bfNecesitas asistencia HVAC en West Texas? Contacta a Doctor Fr\u00edo A\/C and Heating. Llama ahora para recibir una respuesta r\u00e1pida.","breadcrumb":{"@id":"https:\/\/doctorfrioac.com\/es\/contacto\/#breadcrumb"},"inLanguage":"en-US","potentialAction":[{"@type":"ReadAction","target":["https:\/\/doctorfrioac.com\/es\/contacto\/"]}]},{"@type":"ImageObject","inLanguage":"en-US","@id":"https:\/\/doctorfrioac.com\/es\/contacto\/#primaryimage","url":"https:\/\/doctorfrioac.com\/es\/wp-content\/uploads\/sites\/3\/2024\/10\/doctor-frio-ac-and-heating-featured.jpg","contentUrl":"https:\/\/doctorfrioac.com\/es\/wp-content\/uploads\/sites\/3\/2024\/10\/doctor-frio-ac-and-heating-featured.jpg","width":1200,"height":675,"caption":"Doctor Fr\u00edo A\/C and Heating"},{"@type":"BreadcrumbList","@id":"https:\/\/doctorfrioac.com\/es\/contacto\/#breadcrumb","itemListElement":[{"@type":"ListItem","position":1,"name":"Portada","item":"https:\/\/doctorfrioac.com\/es\/"},{"@type":"ListItem","position":2,"name":"Proveedor de servicios de HVAC en West Texas"}]},{"@type":"WebSite","@id":"https:\/\/doctorfrioac.com\/es\/#website","url":"https:\/\/doctorfrioac.com\/es\/","name":"Doctor Fr\u00edo A\/C and Heating","description":"Reparaci\u00f3n e instalaci\u00f3n de calefacci\u00f3n y aire acondicionado en West Texas, TX","publisher":{"@id":"https:\/\/doctorfrioac.com\/es\/#organization"},"alternateName":"Doctor Fr\u00edo A\/C and Heating","potentialAction":[{"@type":"SearchAction","target":{"@type":"EntryPoint","urlTemplate":"https:\/\/doctorfrioac.com\/es\/?s={search_term_string}"},"query-input":{"@type":"PropertyValueSpecification","valueRequired":true,"valueName":"search_term_string"}}],"inLanguage":"en-US"},{"@type":"Organization","@id":"https:\/\/doctorfrioac.com\/es\/#organization","name":"Doctor Fr\u00edo A\/C and Heating LLC","alternateName":"Doctor Fr\u00edo A\/C and Heating","url":"https:\/\/doctorfrioac.com\/es\/","logo":{"@type":"ImageObject","inLanguage":"en-US","@id":"https:\/\/doctorfrioac.com\/es\/#\/schema\/logo\/image\/","url":"https:\/\/doctorfrioac.com\/es\/wp-content\/uploads\/sites\/3\/2024\/11\/logo-color-est-2020.png","contentUrl":"https:\/\/doctorfrioac.com\/es\/wp-content\/uploads\/sites\/3\/2024\/11\/logo-color-est-2020.png","width":3750,"height":2915,"caption":"Doctor Fr\u00edo A\/C and Heating LLC"},"image":{"@id":"https:\/\/doctorfrioac.com\/es\/#\/schema\/logo\/image\/"}}]}},"_links":{"self":[{"href":"https:\/\/doctorfrioac.com\/es\/wp-json\/wp\/v2\/pages\/9","targetHints":{"allow":["GET"]}}],"collection":[{"href":"https:\/\/doctorfrioac.com\/es\/wp-json\/wp\/v2\/pages"}],"about":[{"href":"https:\/\/doctorfrioac.com\/es\/wp-json\/wp\/v2\/types\/page"}],"author":[{"embeddable":true,"href":"https:\/\/doctorfrioac.com\/es\/wp-json\/wp\/v2\/users\/1"}],"replies":[{"embeddable":true,"href":"https:\/\/doctorfrioac.com\/es\/wp-json\/wp\/v2\/comments?post=9"}],"version-history":[{"count":16,"href":"https:\/\/doctorfrioac.com\/es\/wp-json\/wp\/v2\/pages\/9\/revisions"}],"predecessor-version":[{"id":1004910,"href":"https:\/\/doctorfrioac.com\/es\/wp-json\/wp\/v2\/pages\/9\/revisions\/1004910"}],"wp:featuredmedia":[{"embeddable":true,"href":"https:\/\/doctorfrioac.com\/es\/wp-json\/wp\/v2\/media\/1004296"}],"wp:attachment":[{"href":"https:\/\/doctorfrioac.com\/es\/wp-json\/wp\/v2\/media?parent=9"}],"curies":[{"name":"wp","href":"https:\/\/api.w.org\/{rel}","templated":true}]}}